{"id":1916,"date":"2023-02-20T12:13:48","date_gmt":"2023-02-20T11:13:48","guid":{"rendered":"https:\/\/www.coraci-festival.de\/?page_id=1916"},"modified":"2023-03-17T12:49:32","modified_gmt":"2023-03-17T11:49:32","slug":"selbstverstaendnis","status":"publish","type":"page","link":"https:\/\/www.coraci-festival.de\/index.php\/selbstverstaendnis\/","title":{"rendered":"Deutsch"},"content":{"rendered":"\n<div style=\"height:22px\" aria-hidden=\"true\" class=\"wp-block-spacer\"><\/div>\n\n\n\n<p>Auch in diesem Jahr soll das Festival \u201ccontre le racisme\u201d (deutsch: gegen Rassismus), kurz Coraci, wieder stattfinden. Wir m\u00f6chten als Organisator*innen offen kommunizieren, dass unser Team mehrheitlich aus <em><a href=\"https:\/\/www.coraci-festival.de\/index.php\/2023\/02\/13\/weiss\/\"><strong>wei\u00df<\/strong><\/a>en<\/em> Personen besteht. In einer strukturell von Diskriminierung durchzogenen <em>wei\u00dfen<\/em> Dominanzgesellschaft, verstehen wir es als mehrheitlich nicht von Rassismus betroffene Menschen, als unsere gesellschaftliche Aufgabe, uns im Bereich Antirassismus weiterzubilden. Au\u00dferdem wollen wir unsere Privilegien daf\u00fcr nutzen, vor allem <a href=\"https:\/\/www.coraci-festival.de\/index.php\/2023\/02\/13\/black-indigenous-and-people-of-color-bipoc\/\"><strong>BIPoC<\/strong><\/a> (Black, Indigenous, People of Color) mehr \u00f6ffentlichen Raum zu geben.<\/p>\n\n\n\n<div style=\"height:25px\" aria-hidden=\"true\" class=\"wp-block-spacer\"><\/div>\n\n\n\n<p>Im Festival-Kontext hei\u00dft das f\u00fcr uns vor Allem: Schwarzen Menschen und Menschen of Color eine B\u00fchne bieten! Es soll ein solidarischer Raum des Austausches geschaffen werden, in dem die Perspektiven marginalisierter K\u00fcnstler*innen und Initiativen m\u00f6glichst vielen Menschen zug\u00e4nglich sein sollen. Bei unserem Festival konzentrieren wir uns daher auf Menschen, die von <a href=\"https:\/\/www.coraci-festival.de\/index.php\/2023\/02\/13\/rassismus\/\"><strong>Rassismus<\/strong><\/a>, gleichzeitig aber auch von anderen Diskriminierungsformen betroffen sein k\u00f6nnen. Ausschl\u00fcsse von oder Abwertung innerhalb der Gesellschaft aufgrund von Herkunft, Klasse, <a href=\"https:\/\/www.coraci-festival.de\/index.php\/2023\/02\/13\/ableismus\/\"><strong>Be_Hinderungen<\/strong><\/a>, Geschlecht\/-sidentit\u00e4t, sexueller Orientierung oder weiterer Merkmalen, die von einer vermeintlichen Norm abweichen sind oftmals kompliziert, \u00fcberlagern bzw. \u00fcberschneiden sich und sind schwer greifbar. Deshalb ist es umso wichtiger, sie in ihren Zusammenh\u00e4ngen zu verstehen. Der <a href=\"https:\/\/www.coraci-festival.de\/index.php\/2023\/02\/13\/intersektionalitaet\/\"><strong>Intersektionalit\u00e4ts-Ansatz<\/strong><\/a> versucht diese Vielschichtigkeit sichtbar zu machen, weswegen wir ihn auch in unserer Veranstaltungsorganisation als wichtig erachten. Dazu geh\u00f6rt selbstverst\u00e4ndlich auch die kritische Reflexion der eigenen Positionierung(en) im Team.<\/p>\n\n\n\n<div style=\"height:26px\" aria-hidden=\"true\" class=\"wp-block-spacer\"><\/div>\n\n\n\n<p>In unserem Arbeitsprozess m\u00f6chten wir uns dieses Jahr besonders darum bem\u00fchen, die Bed\u00fcrfnisse nicht-<em>wei\u00dfer<\/em> Communities in und um L\u00fcneburg einflie\u00dfen zu lassen. Wir halten Zuh\u00f6ren f\u00fcr eine wichtige antirassistische Praxis. Dabei ist es unser Selbstanspruch, st\u00e4ndig aktiv dazu zu lernen und offen daf\u00fcr zu sein, zu verlernen. An den Festivaltagen selbst hoffen wir, den Rahmen f\u00fcr einen Austauschraum zu schaffen, in dem sich alle m\u00f6glichst sicher f\u00fchlen neues Wissen aufzunehmen, zu teilen und bereits Gelerntes zu \u00fcberdenken.<\/p>\n\n\n\n<div style=\"height:26px\" aria-hidden=\"true\" class=\"wp-block-spacer\"><\/div>\n\n\n\n<p>Gemeinsam m\u00f6chten wir an der Leuphana Universit\u00e4t ein politisches Aufeinandertreffen von Meinungen und Menschen erm\u00f6glichen, dessen Fokus nicht auf der akademischen Welt liegt. Deshalb bem\u00fchen wir uns insbesondere, Formen des Wissens hervorzuheben, die abseits formeller Bildungskontexte existieren und oftmals aus eurozentrischer <em>wei\u00dfer<\/em> Perspektive als weniger wertvoll betrachtet werden. Wissensvermittlung findet nicht nur in Form von wissenschaftlichen Texten und Diskussionen statt, sondern auch in Form von Musik, Kunst und anderen Lernformaten. Somit ist es unser Ziel, mit einem vielf\u00e4ltigen Programmangebot m\u00f6glichst verschiedenen Menschen den Zugang zu wichtigen Themen wie Antirassismus zu erm\u00f6glichen, unabh\u00e4ngig von Herkunft, Klasse, Be_Hinderungen, Geschlecht\/-sidentit\u00e4t, Religion oder weiteren Merkmalen, die von einer vermeintlichen Norm abweichen.<\/p>\n\n\n\n<div style=\"height:26px\" aria-hidden=\"true\" class=\"wp-block-spacer\"><\/div>\n\n\n\n<p>Als selbstorganisiertes Festival beteiligen sich alle Team-Mitglieder auf ehrenamtlicher Basis am Coraci und haben unterschiedlich viele Erfahrungen in Sachen Festival-Organisation und Antirassismus. Neben Lohnarbeit, Studium und\/ oder anderer T\u00e4tigkeiten und Arbeiten k\u00f6nnen auch wir lediglich mit so viel Kapazit\u00e4ten an der Entstehung des Coraci mitwirken, wie es unsere Lebensumst\u00e4nde erlauben.<\/p>\n\n\n\n<div style=\"height:100px\" aria-hidden=\"true\" class=\"wp-block-spacer\"><\/div>\n\n\n\n<div class=\"wp-block-columns is-layout-flex wp-container-core-columns-is-layout-9d6595d7 wp-block-columns-is-layout-flex\">\n<div class=\"wp-block-column is-layout-flow wp-block-column-is-layout-flow\" style=\"flex-basis:25%\"><\/div>\n\n\n\n<div class=\"wp-block-column is-layout-flow wp-block-column-is-layout-flow\" style=\"flex-basis:50%\">\n<figure class=\"wp-block-gallery has-nested-images columns-default is-cropped wp-block-gallery-1 is-layout-flex wp-block-gallery-is-layout-flex\">\n<figure class=\"wp-block-image size-large\"><a href=\"https:\/\/www.coraci-festival.de\/wp-content\/uploads\/2023\/02\/Gruppenfoto_COraci_23-edited.jpg\"><img loading=\"lazy\" decoding=\"async\" width=\"960\" height=\"960\" data-id=\"1926\" src=\"https:\/\/www.coraci-festival.de\/wp-content\/uploads\/2023\/02\/Gruppenfoto_COraci_23-edited.jpg\" alt=\"\" class=\"wp-image-1926\" srcset=\"https:\/\/www.coraci-festival.de\/wp-content\/uploads\/2023\/02\/Gruppenfoto_COraci_23-edited.jpg 960w, https:\/\/www.coraci-festival.de\/wp-content\/uploads\/2023\/02\/Gruppenfoto_COraci_23-edited-300x300.jpg 300w, https:\/\/www.coraci-festival.de\/wp-content\/uploads\/2023\/02\/Gruppenfoto_COraci_23-edited-150x150.jpg 150w, https:\/\/www.coraci-festival.de\/wp-content\/uploads\/2023\/02\/Gruppenfoto_COraci_23-edited-768x768.jpg 768w\" sizes=\"auto, (max-width: 767px) 89vw, (max-width: 1000px) 54vw, (max-width: 1071px) 543px, 580px\" \/><\/a><figcaption class=\"wp-element-caption\">Ein Gro\u00dfteil des Festival-Teams 2023<\/figcaption><\/figure>\n<\/figure>\n<\/div>\n\n\n\n<div class=\"wp-block-column is-layout-flow wp-block-column-is-layout-flow\" style=\"flex-basis:25%\"><\/div>\n<\/div>\n","protected":false},"excerpt":{"rendered":"<p>Auch in diesem Jahr soll das Festival \u201ccontre le racisme\u201d (deutsch: gegen Rassismus), kurz Coraci, wieder stattfinden. Wir m\u00f6chten als Organisator*innen offen kommunizieren, dass unser Team mehrheitlich aus wei\u00dfen Personen besteht. In einer strukturell von Diskriminierung durchzogenen wei\u00dfen Dominanzgesellschaft, verstehen wir es als mehrheitlich nicht von Rassismus betroffene Menschen, als unsere gesellschaftliche Aufgabe, uns im &hellip; <\/p>\n<p class=\"link-more\"><a href=\"https:\/\/www.coraci-festival.de\/index.php\/selbstverstaendnis\/\" class=\"more-link\"><span class=\"screen-reader-text\">\u201eDeutsch\u201c<\/span> weiterlesen<\/a><\/p>\n","protected":false},"author":1,"featured_media":0,"parent":0,"menu_order":0,"comment_status":"closed","ping_status":"closed","template":"","meta":{"footnotes":""},"class_list":["post-1916","page","type-page","status-publish","hentry"],"_links":{"self":[{"href":"https:\/\/www.coraci-festival.de\/index.php\/wp-json\/wp\/v2\/pages\/1916","targetHints":{"allow":["GET"]}}],"collection":[{"href":"https:\/\/www.coraci-festival.de\/index.php\/wp-json\/wp\/v2\/pages"}],"about":[{"href":"https:\/\/www.coraci-festival.de\/index.php\/wp-json\/wp\/v2\/types\/page"}],"author":[{"embeddable":true,"href":"https:\/\/www.coraci-festival.de\/index.php\/wp-json\/wp\/v2\/users\/1"}],"replies":[{"embeddable":true,"href":"https:\/\/www.coraci-festival.de\/index.php\/wp-json\/wp\/v2\/comments?post=1916"}],"version-history":[{"count":12,"href":"https:\/\/www.coraci-festival.de\/index.php\/wp-json\/wp\/v2\/pages\/1916\/revisions"}],"predecessor-version":[{"id":1996,"href":"https:\/\/www.coraci-festival.de\/index.php\/wp-json\/wp\/v2\/pages\/1916\/revisions\/1996"}],"wp:attachment":[{"href":"https:\/\/www.coraci-festival.de\/index.php\/wp-json\/wp\/v2\/media?parent=1916"}],"curies":[{"name":"wp","href":"https:\/\/api.w.org\/{rel}","templated":true}]}}