{"id":2333,"date":"2023-06-22T16:13:58","date_gmt":"2023-06-22T14:13:58","guid":{"rendered":"https:\/\/www.coraci-festival.de\/?page_id=2333"},"modified":"2025-11-25T13:20:41","modified_gmt":"2025-11-25T12:20:41","slug":"rueckblick","status":"publish","type":"page","link":"https:\/\/www.coraci-festival.de\/index.php\/rueckblick\/","title":{"rendered":"R\u00fcckblick 2023"},"content":{"rendered":"\n<div class=\"wp-block-group\"><div class=\"wp-block-group__inner-container is-layout-constrained wp-block-group-is-layout-constrained\">\n<figure class=\"wp-block-gallery has-nested-images columns-4 is-cropped wp-block-gallery-1 is-layout-flex wp-block-gallery-is-layout-flex\">\n<figure class=\"wp-block-image size-large\"><a href=\"https:\/\/www.coraci-festival.de\/wp-content\/uploads\/2023\/06\/image00070.jpeg\"><img loading=\"lazy\" decoding=\"async\" width=\"576\" height=\"1024\" data-id=\"2338\" src=\"https:\/\/www.coraci-festival.de\/wp-content\/uploads\/2023\/06\/image00070-576x1024.jpeg\" alt=\"\" class=\"wp-image-2338\" srcset=\"https:\/\/www.coraci-festival.de\/wp-content\/uploads\/2023\/06\/image00070-576x1024.jpeg 576w, https:\/\/www.coraci-festival.de\/wp-content\/uploads\/2023\/06\/image00070-169x300.jpeg 169w, https:\/\/www.coraci-festival.de\/wp-content\/uploads\/2023\/06\/image00070-768x1365.jpeg 768w, https:\/\/www.coraci-festival.de\/wp-content\/uploads\/2023\/06\/image00070-864x1536.jpeg 864w, https:\/\/www.coraci-festival.de\/wp-content\/uploads\/2023\/06\/image00070.jpeg 1080w\" sizes=\"auto, (max-width: 576px) 100vw, 576px\" \/><\/a><\/figure>\n\n\n\n<figure class=\"wp-block-image size-large\"><a href=\"https:\/\/www.coraci-festival.de\/wp-content\/uploads\/2023\/06\/C5B00F12-5F8A-4D60-9EDB-D5334A539FC9-scaled.jpg\"><img loading=\"lazy\" decoding=\"async\" width=\"576\" height=\"1024\" data-id=\"2349\" src=\"https:\/\/www.coraci-festival.de\/wp-content\/uploads\/2023\/06\/C5B00F12-5F8A-4D60-9EDB-D5334A539FC9-576x1024.jpg\" alt=\"\" class=\"wp-image-2349\" srcset=\"https:\/\/www.coraci-festival.de\/wp-content\/uploads\/2023\/06\/C5B00F12-5F8A-4D60-9EDB-D5334A539FC9-576x1024.jpg 576w, https:\/\/www.coraci-festival.de\/wp-content\/uploads\/2023\/06\/C5B00F12-5F8A-4D60-9EDB-D5334A539FC9-169x300.jpg 169w, https:\/\/www.coraci-festival.de\/wp-content\/uploads\/2023\/06\/C5B00F12-5F8A-4D60-9EDB-D5334A539FC9-768x1365.jpg 768w, https:\/\/www.coraci-festival.de\/wp-content\/uploads\/2023\/06\/C5B00F12-5F8A-4D60-9EDB-D5334A539FC9-864x1536.jpg 864w, https:\/\/www.coraci-festival.de\/wp-content\/uploads\/2023\/06\/C5B00F12-5F8A-4D60-9EDB-D5334A539FC9-1152x2048.jpg 1152w, https:\/\/www.coraci-festival.de\/wp-content\/uploads\/2023\/06\/C5B00F12-5F8A-4D60-9EDB-D5334A539FC9-scaled.jpg 1440w\" sizes=\"auto, (max-width: 576px) 100vw, 576px\" \/><\/a><\/figure>\n\n\n\n<figure class=\"wp-block-image size-large\"><a href=\"https:\/\/www.coraci-festival.de\/wp-content\/uploads\/2023\/06\/image00003.jpeg\"><img loading=\"lazy\" decoding=\"async\" width=\"576\" height=\"1024\" data-id=\"2340\" src=\"https:\/\/www.coraci-festival.de\/wp-content\/uploads\/2023\/06\/image00003-576x1024.jpeg\" alt=\"\" class=\"wp-image-2340\" srcset=\"https:\/\/www.coraci-festival.de\/wp-content\/uploads\/2023\/06\/image00003-576x1024.jpeg 576w, https:\/\/www.coraci-festival.de\/wp-content\/uploads\/2023\/06\/image00003-169x300.jpeg 169w, https:\/\/www.coraci-festival.de\/wp-content\/uploads\/2023\/06\/image00003-768x1365.jpeg 768w, https:\/\/www.coraci-festival.de\/wp-content\/uploads\/2023\/06\/image00003-864x1536.jpeg 864w, https:\/\/www.coraci-festival.de\/wp-content\/uploads\/2023\/06\/image00003.jpeg 1080w\" sizes=\"auto, (max-width: 576px) 100vw, 576px\" \/><\/a><\/figure>\n\n\n\n<figure class=\"wp-block-image size-large\"><a href=\"https:\/\/www.coraci-festival.de\/wp-content\/uploads\/2023\/06\/IMG_5384-1-scaled.jpeg\"><img loading=\"lazy\" decoding=\"async\" width=\"1024\" height=\"768\" data-id=\"2356\" src=\"https:\/\/www.coraci-festival.de\/wp-content\/uploads\/2023\/06\/IMG_5384-1-1024x768.jpeg\" alt=\"\" class=\"wp-image-2356\" srcset=\"https:\/\/www.coraci-festival.de\/wp-content\/uploads\/2023\/06\/IMG_5384-1-1024x768.jpeg 1024w, https:\/\/www.coraci-festival.de\/wp-content\/uploads\/2023\/06\/IMG_5384-1-300x225.jpeg 300w, https:\/\/www.coraci-festival.de\/wp-content\/uploads\/2023\/06\/IMG_5384-1-768x576.jpeg 768w, https:\/\/www.coraci-festival.de\/wp-content\/uploads\/2023\/06\/IMG_5384-1-1536x1152.jpeg 1536w, https:\/\/www.coraci-festival.de\/wp-content\/uploads\/2023\/06\/IMG_5384-1-2048x1536.jpeg 2048w\" sizes=\"auto, (max-width: 767px) 89vw, (max-width: 1000px) 54vw, (max-width: 1071px) 543px, 580px\" \/><\/a><\/figure>\n<\/figure>\n<\/div><\/div>\n\n\n\n<div style=\"height:52px\" aria-hidden=\"true\" class=\"wp-block-spacer\"><\/div>\n\n\n\n<p>Am <strong>19. und 20. Mai<\/strong> fand dieses Jahr das <strong>coraci Festival<\/strong> auf dem Campus der Leuphana Universit\u00e4t L\u00fcneburg statt &#8211; ein kleines politisches Festival, mit antirassistischem Anspruch und dem Ziel, von Rassismus betroffenen Personen eine B\u00fchne zu geben. Auch in diesem Jahr wurden in diesem Rahmen wieder Vortr\u00e4ge, musikalische Beitr\u00e4ge, Panels und Workshops angeboten, die sich aus vielf\u00e4ltigen Perspektiven mit antirassistischer Bildung und Empowerment besch\u00e4ftigten. Mit den Erinnerungen an dieses besondere Festival m\u00f6chten wir nun einen Blick darauf zur\u00fcckwerfen, Erfahrungen teilen und den Personen danken, die diese Veranstaltung m\u00f6glich gemacht haben.<\/p>\n\n\n\n<p>Dem Coraci Festival ist es gelungen, eine Plattform f\u00fcr offene Dialoge, Diskussionen, vielf\u00e4ltigen Austausch und Begegnungen zu schaffen und dadurch dem Thema Antirassismus die n\u00f6tige Aufmerksamkeit zu geben.<br>Verschiedenste Workshops von Papis B\u00e2, Tahsin Mirza, Nura, Riv &amp; Nora und veenus* setzten daf\u00fcr den Rahmen, indem sie einen Austauschraum zu vielf\u00e4ltigen Antirassismus bezogenen Themen boten. Komplementiert durch Kunst von Naomi Boima, eine Lesung von Mohamed Amjahid, ein Panel mit Elisa Ba\u015f und ein Vortrag von Dzoni Sichelschmidt, entstand im Bibliotheksgarten der Leuphana Universit\u00e4t eine besondere Atmosph\u00e4re. Zu dieser au\u00dfergew\u00f6hnlichen Stimmung beigetragen haben au\u00dferdem diverse musikalische Beitr\u00e4ge von \u00c4lice, Sorah, Naykuma, Moyo Ray, Ferd1girl und Burakete.<br>So entstand ein Raum f\u00fcr Gemeinschaft und f\u00fcr den Austausch von Erfahrungen, Ideen und Wissen, eine Plattform f\u00fcr Bildung und in erster Linie eine B\u00fchne f\u00fcr BIPoC Personen.<\/p>\n\n\n\n<p>Zu unserer Freude nahmen viele Teilnehmende das Coraci als einen sicheren Raum f\u00fcr Austausch und Dialog wahr. Sie berichteten, dass sie ihre Privilegien reflektieren konnten und durch verschiedene Workshops wertvolle Handlungsstrategien und Sensibilit\u00e4t f\u00fcr Menschen gewonnen haben, die unter Rassismus leiden. Der Erfahrungsaustausch unter Betroffenen kreierte einen sicheren Raum, der den Teilnehmenden zeigte, wie wertvoll der Dialog innerhalb der BIPoC-Community wirklich ist und wie gut es tut, die eigenen Erfahrungen zu teilen oder beispielsweise mittels poetischer Ausdrucksform niederzuschreiben. Au\u00dferdem reflektierten Teilnehmende, dass es nicht nur essentiell ist zu lernen, wie man sensibel und proaktiv gegen Rassismus vorgeht, sondern auch wie man dem Problem gegen\u00fcber Resilienz aufbaut und lernt, einen guten Umgang damit zu finden. Denn nach wie vor ist Rassismus leider noch tief in unserer Gesellschaft verankert.<\/p>\n\n\n\n<p>Das coraci Festival w\u00e4re ohne das Engagement und die Unterst\u00fctzung zahlreicher Personen und Organisationen nicht m\u00f6glich gewesen. An dieser Stelle m\u00f6chten wir daher unseren herzlichen Dank daf\u00fcr aussprechen.<br>Ein besonderer Dank gilt den K\u00fcnstler:innen, Expert:innen und Workshop-Leitenden, die die sch\u00f6ne Atmosph\u00e4re auf dem Festival erst m\u00f6glich gemacht haben. Ihre Beitr\u00e4ge haben nicht nur f\u00fcr besondere Momente gesorgt, sondern auch eine wichtige Botschaft nach au\u00dfen getragen. Gleicherma\u00dfen gilt es, den Organisator:innen, der Ton &amp; Licht-Crew, den freiwilligen Helfenden und Sponsoren ein Dank auszusprechen, denn nur mit deren Hilfe konnte das coraci Festival ein solcher Erfolg werden. Euer Einsatz hat erm\u00f6glicht, dass Menschen zusammenkommen, sich austauschen und sich gemeinsam f\u00fcr eine bessere Zukunft einsetzen. Vielen lieben Dank auch an die zahlreichen Besuchenden &#8211; ihr habt das coraci zu dem gemacht, was es war.<\/p>\n\n\n\n<p>Abschlie\u00dfend soll gesagt sein, dass das coraci Festival gezeigt hat, welche gro\u00dfe Bedeutung Austausch, Solidarit\u00e4t und Gemeinschaft im Kontext von antirassistischer Bildung in unserer Gesellschaft hat.<br>W\u00e4hrend wir uns von diesem Festival verabschieden, bleiben die Erinnerungen an die besondere Atmosph\u00e4re und Begegnungen bestehen.<br>Aber auch der Kampf f\u00fcr eine gerechte Welt ohne Rassismus. Lasst uns nicht vergessen, dass wir jeden Tag etwas gegen Rassismus tun k\u00f6nnen.<\/p>\n","protected":false},"excerpt":{"rendered":"<p>Am 19. und 20. Mai fand dieses Jahr das coraci Festival auf dem Campus der Leuphana Universit\u00e4t L\u00fcneburg statt &#8211; ein kleines politisches Festival, mit antirassistischem Anspruch und dem Ziel, von Rassismus betroffenen Personen eine B\u00fchne zu geben. Auch in diesem Jahr wurden in diesem Rahmen wieder Vortr\u00e4ge, musikalische Beitr\u00e4ge, Panels und Workshops angeboten, die &hellip; <\/p>\n<p class=\"link-more\"><a href=\"https:\/\/www.coraci-festival.de\/index.php\/rueckblick\/\" class=\"more-link\"><span class=\"screen-reader-text\">\u201eR\u00fcckblick 2023\u201c<\/span> weiterlesen<\/a><\/p>\n","protected":false},"author":1,"featured_media":0,"parent":0,"menu_order":0,"comment_status":"closed","ping_status":"closed","template":"","meta":{"footnotes":""},"class_list":["post-2333","page","type-page","status-publish","hentry"],"_links":{"self":[{"href":"https:\/\/www.coraci-festival.de\/index.php\/wp-json\/wp\/v2\/pages\/2333","targetHints":{"allow":["GET"]}}],"collection":[{"href":"https:\/\/www.coraci-festival.de\/index.php\/wp-json\/wp\/v2\/pages"}],"about":[{"href":"https:\/\/www.coraci-festival.de\/index.php\/wp-json\/wp\/v2\/types\/page"}],"author":[{"embeddable":true,"href":"https:\/\/www.coraci-festival.de\/index.php\/wp-json\/wp\/v2\/users\/1"}],"replies":[{"embeddable":true,"href":"https:\/\/www.coraci-festival.de\/index.php\/wp-json\/wp\/v2\/comments?post=2333"}],"version-history":[{"count":12,"href":"https:\/\/www.coraci-festival.de\/index.php\/wp-json\/wp\/v2\/pages\/2333\/revisions"}],"predecessor-version":[{"id":2488,"href":"https:\/\/www.coraci-festival.de\/index.php\/wp-json\/wp\/v2\/pages\/2333\/revisions\/2488"}],"wp:attachment":[{"href":"https:\/\/www.coraci-festival.de\/index.php\/wp-json\/wp\/v2\/media?parent=2333"}],"curies":[{"name":"wp","href":"https:\/\/api.w.org\/{rel}","templated":true}]}}