{"id":2376,"date":"2023-07-17T15:34:13","date_gmt":"2023-07-17T13:34:13","guid":{"rendered":"https:\/\/www.coraci-festival.de\/?page_id=2376"},"modified":"2023-07-24T12:51:25","modified_gmt":"2023-07-24T10:51:25","slug":"empfehlungen","status":"publish","type":"page","link":"https:\/\/www.coraci-festival.de\/index.php\/empfehlungen\/","title":{"rendered":"Empfehlungen"},"content":{"rendered":"\n<p><strong><span style=\"text-decoration: underline;\">Rassismus verstehen &#8211; Empfehlungen von Tahsin Mirza<\/span><\/strong><\/p>\n\n\n\n<p><strong>Artikel:<\/strong><\/p>\n\n\n\n<ul class=\"wp-block-list\">\n<li><a href=\"https:\/\/www.kaffeeundkippen.de\/alles-kopfsache\/rassismus-und-mental-health\">rassismus und mental health \u2014 kaffeeundkippen magazin<\/a><\/li>\n<\/ul>\n\n\n\n<p><strong>Webseites:<\/strong><\/p>\n\n\n\n<ul class=\"wp-block-list\">\n<li><a href=\"https:\/\/www.schwarze-schafe-online.de\/\">Schwarze Schafe | Empowerment und rassismuskritische Bildung (schwarze-schafe-online.de)<\/a><\/li>\n<\/ul>\n\n\n\n<p><strong>B\u00fccher:<\/strong><\/p>\n\n\n\n<ul class=\"wp-block-list\">\n<li>Was wei\u00dfe Menschen nicht \u00fcber Rassismus h\u00f6ren wollen aber wissen sollten : Hasters, Alice<\/li>\n\n\n\n<li>exit RACISM: rassismuskritisch denken lernen : Ogette, Tupoka<\/li>\n\n\n\n<li>Sprache und Sein : G\u00fcm\u00fc\u015fay, K\u00fcbra<\/li>\n\n\n\n<li>Der wei\u00dfe Fleck: Eine Anleitung zu antirassistischem Denken | Hochaktuelles\u202fSachbuch\u202fzum Thema\u202fRassismus und Privilegien : Amjahid, Mohamed<\/li>\n\n\n\n<li>\u00bbGib mir mal die Hautfarbe\u00ab: Mit Kindern \u00fcber Rassismus sprechen : Fajembola, Olaolu, Nimind\u00e9-Dundadengar, Tebogo: Amazon.de<\/li>\n\n\n\n<li>Warum ich nicht l\u00e4nger mit Wei\u00dfen \u00fcber Hautfarbe spreche : Eddo-Lodge, Reni, Grube, Anette<\/li>\n\n\n\n<li>Wir k\u00f6nnen mehr sein: Die Macht der Vielfalt : Tour\u00e9, Aminata<\/li>\n\n\n\n<li><a href=\"https:\/\/www.amazon.de\/-\/en\/Emilia-Roig\/dp\/335103847X\/ref=sr_1_1?crid=1J5JSPXKE3EDJ&amp;keywords=why+we+matter+deutsch&amp;qid=1687464908&amp;s=books&amp;sprefix=why+we+matter+%2Cstripbooks%2C142&amp;sr=1-1\">Why W<\/a>e Matter: Das Ende der Unterdr\u00fcckung : Roig, Emilia<\/li>\n<\/ul>\n\n\n\n<p><strong>Personen in der \u00d6ffentlichkeit:<\/strong><\/p>\n\n\n\n<ul class=\"wp-block-list\">\n<li><a href=\"https:\/\/www.instagram.com\/aladinelmafaalani\/\">Aladin El-Mafaalani (@aladinelmafaalani) | Instagram<\/a><\/li>\n\n\n\n<li><a href=\"https:\/\/www.instagram.com\/fereidooni.karim\/\">Karim Fereidooni (@fereidooni.karim) | Instagram<\/a><\/li>\n\n\n\n<li><a href=\"https:\/\/www.instagram.com\/max_czollek\/\">@max_czollek | Instagram<\/a><\/li>\n\n\n\n<li><a href=\"https:\/\/www.instagram.com\/alice_haruko\/\">Alice Hasters (@alice_haruko) | Instagram<\/a><\/li>\n\n\n\n<li><a href=\"https:\/\/www.instagram.com\/aminajmina\/\">Aminata Tour\u00e9 (@aminajmina) | Instagram<\/a><\/li>\n\n\n\n<li><a href=\"https:\/\/www.instagram.com\/emiliazenzile\/\">Emilia Zenzile Roig (@emiliazenzile) | Instagram<\/a><\/li>\n\n\n\n<li><a href=\"https:\/\/www.instagram.com\/duzentekkal\/\">D\u00fczen Tekkal (@duzentekkal) | Instagram<\/a><\/li>\n\n\n\n<li><a href=\"https:\/\/www.instagram.com\/germandream.de\/\">#GermanDream (@germandream.de) | Instagram<\/a><\/li>\n\n\n\n<li><a href=\"https:\/\/www.instagram.com\/enissa_amani\/\">ENISSA AMANI (@enissa_amani) | Instagram<\/a><\/li>\n\n\n\n<li><a href=\"https:\/\/www.instagram.com\/renk.magazin\/\">renk. (@renk.magazin) | Instagram<\/a><\/li>\n\n\n\n<li><a href=\"https:\/\/www.instagram.com\/abdulchahin\/\">Abdul Kader Chahin (@abdulchahin) | Instagram<\/a><\/li>\n\n\n\n<li><a href=\"https:\/\/www.instagram.com\/burakyilmaz_47\/\">Burak Yilmaz (@burakyilmaz_47) | Instagram<\/a><\/li>\n<\/ul>\n\n\n\n<p><strong>Unser Verein:<\/strong><\/p>\n\n\n\n<ul class=\"wp-block-list\">\n<li><a href=\"https:\/\/www.instagram.com\/schwarze_schafe_online\/\">\ud835\udd4a\ud835\udd54\ud835\udd59\ud835\udd68\ud835\udd52\ud835\udd63\ud835\udd6b\ud835\udd56&nbsp;\ud835\udd4a\ud835\udd54\ud835\udd59\ud835\udd52\ud835\udd57\ud835\udd56&nbsp;e.V. (@schwarze_schafe_online) | Instagram<\/a><\/li>\n<\/ul>\n\n\n\n<p><strong>Mein Instagram:&nbsp;<\/strong><\/p>\n\n\n\n<ul class=\"wp-block-list\">\n<li><a href=\"https:\/\/www.instagram.com\/tahsin_mirza_\/\">Tahsin Mirza (@tahsin_mirza_) | Instagram<\/a><\/li>\n<\/ul>\n\n\n\n<p><\/p>\n\n\n\n<p><strong><span style=\"text-decoration: underline;\">Tanzworkshop: Afro Styles &#8211; Papis B\u00e2<\/span><\/strong><\/p>\n\n\n\n<p><strong>\u00dcber mich:<\/strong><\/p>\n\n\n\n<ul class=\"wp-block-list\">\n<li><a href=\"https:\/\/www.instagram.com\/papisbaofficiel\/\">Papis B\u00e2 (@papisbaofficiel) | Instagram<\/a><\/li>\n\n\n\n<li><a href=\"http:\/\/www.lukulule.de\/lukulule\/startseite\/das-team\/papis-ba\/\">Papis B\u00e2 | LUKULULE<\/a><\/li>\n<\/ul>\n\n\n\n<p><\/p>\n\n\n\n<p><strong><span style=\"text-decoration: underline;\">Politisch auf Instagram &#8211; Empfehlungen von veenus*<\/span><\/strong><\/p>\n\n\n\n<p><strong>Aufkl\u00e4rung: Journalistische\/Redaktionelle Arbeit<\/strong>:<\/p>\n\n\n\n<ul class=\"wp-block-list\">\n<li><a href=\"https:\/\/www.instagram.com\/karakayatalks\/\" data-type=\"URL\" data-id=\"https:\/\/www.instagram.com\/karakayatalks\/\">KARAKAYA TALKS (@karakayatalks) | Instagram<\/a><\/li>\n\n\n\n<li><a href=\"https:\/\/www.instagram.com\/glanzundnatur\/\" data-type=\"URL\" data-id=\"https:\/\/www.instagram.com\/glanzundnatur\/\">Glanz&amp;Natur (@glanzundnatur) | Instagram<\/a><\/li>\n\n\n\n<li><a href=\"https:\/\/www.instagram.com\/erklaermirmal\/\" data-type=\"URL\" data-id=\"https:\/\/www.instagram.com\/erklaermirmal\/\">erkl\u00e4r mir mal&#8230; (@erklaermirmal) | Instagram<\/a><\/li>\n\n\n\n<li><a href=\"https:\/\/www.instagram.com\/wirmuesstenmalreden\/\" data-type=\"URL\" data-id=\"https:\/\/www.instagram.com\/wirmuesstenmalreden\/\">Wir muessen mal reden (@wirmuesstenmalreden) | Instagram<\/a><\/li>\n\n\n\n<li><a href=\"https:\/\/www.instagram.com\/vetomagazin\/\" data-type=\"URL\" data-id=\"https:\/\/www.instagram.com\/vetomagazin\/\">Veto Magazin (@vetomagazin) | Instagram<\/a><\/li>\n\n\n\n<li><a href=\"https:\/\/www.instagram.com\/missymagazine\/\" data-type=\"URL\" data-id=\"https:\/\/www.instagram.com\/missymagazine\/\">Missy Magazine (@missymagazine) | Instagram<\/a><\/li>\n\n\n\n<li><a href=\"https:\/\/www.instagram.com\/renk.magazin\/\" data-type=\"URL\" data-id=\"https:\/\/www.instagram.com\/renk.magazin\/\">renk. (@renk.magazin) | Instagram<\/a><\/li>\n\n\n\n<li><a href=\"https:\/\/www.instagram.com\/aufklo\/\" data-type=\"URL\" data-id=\"https:\/\/www.instagram.com\/aufklo\/\">Auf Klo (@aufklo) | Instagram<\/a><\/li>\n\n\n\n<li><a href=\"https:\/\/www.instagram.com\/nhile_de\/\" data-type=\"URL\" data-id=\"https:\/\/www.instagram.com\/nhile_de\/\">Nhi Le (@nhile_de) | Instagram<\/a><\/li>\n<\/ul>\n\n\n\n<p><strong>Plattformen f\u00fcr Events, Workshops etc.:<\/strong><\/p>\n\n\n\n<ul class=\"wp-block-list\">\n<li><a href=\"https:\/\/www.instagram.com\/korientation\/\" data-type=\"URL\" data-id=\"https:\/\/www.instagram.com\/korientation\/\">Netzwerk f. Asiatisch-Deutsche Perspektiven (@korientation) | Instagram<\/a><\/li>\n\n\n\n<li><a href=\"https:\/\/www.instagram.com\/asiangermanupdates\/\" data-type=\"URL\" data-id=\"https:\/\/www.instagram.com\/asiangermanupdates\/\">Asian German Updates (@asiangermanupdates) | Instagram<\/a><\/li>\n<\/ul>\n\n\n\n<p><strong>Podcasts<\/strong>:<\/p>\n\n\n\n<ul class=\"wp-block-list\">\n<li><a href=\"https:\/\/open.spotify.com\/show\/6WapCu1CfAsqhiAuDRe3Kl\" data-type=\"URL\" data-id=\"https:\/\/open.spotify.com\/show\/6WapCu1CfAsqhiAuDRe3Kl\">Maangai<\/a><\/li>\n\n\n\n<li><a href=\"https:\/\/www.kohero-magazin.de\/formate\/curryon\/\" data-type=\"URL\" data-id=\"https:\/\/www.kohero-magazin.de\/formate\/curryon\/\">CurryOn<\/a><\/li>\n\n\n\n<li><a href=\"https:\/\/www.ardaudiothek.de\/sendung\/rice-and-shine\/10569253\/\" data-type=\"URL\" data-id=\"https:\/\/www.ardaudiothek.de\/sendung\/rice-and-shine\/10569253\/\">Rice &amp; Shine<\/a><\/li>\n<\/ul>\n","protected":false},"excerpt":{"rendered":"<p>Rassismus verstehen &#8211; Empfehlungen von Tahsin Mirza Artikel: Webseites: B\u00fccher: Personen in der \u00d6ffentlichkeit: Unser Verein: Mein Instagram:&nbsp; Tanzworkshop: Afro Styles &#8211; Papis B\u00e2 \u00dcber mich: Politisch auf Instagram &#8211; Empfehlungen von veenus* Aufkl\u00e4rung: Journalistische\/Redaktionelle Arbeit: Plattformen f\u00fcr Events, Workshops etc.: Podcasts:<\/p>\n","protected":false},"author":1,"featured_media":0,"parent":0,"menu_order":0,"comment_status":"closed","ping_status":"closed","template":"","meta":{"footnotes":""},"class_list":["post-2376","page","type-page","status-publish","hentry"],"_links":{"self":[{"href":"https:\/\/www.coraci-festival.de\/index.php\/wp-json\/wp\/v2\/pages\/2376","targetHints":{"allow":["GET"]}}],"collection":[{"href":"https:\/\/www.coraci-festival.de\/index.php\/wp-json\/wp\/v2\/pages"}],"about":[{"href":"https:\/\/www.coraci-festival.de\/index.php\/wp-json\/wp\/v2\/types\/page"}],"author":[{"embeddable":true,"href":"https:\/\/www.coraci-festival.de\/index.php\/wp-json\/wp\/v2\/users\/1"}],"replies":[{"embeddable":true,"href":"https:\/\/www.coraci-festival.de\/index.php\/wp-json\/wp\/v2\/comments?post=2376"}],"version-history":[{"count":6,"href":"https:\/\/www.coraci-festival.de\/index.php\/wp-json\/wp\/v2\/pages\/2376\/revisions"}],"predecessor-version":[{"id":2389,"href":"https:\/\/www.coraci-festival.de\/index.php\/wp-json\/wp\/v2\/pages\/2376\/revisions\/2389"}],"wp:attachment":[{"href":"https:\/\/www.coraci-festival.de\/index.php\/wp-json\/wp\/v2\/media?parent=2376"}],"curies":[{"name":"wp","href":"https:\/\/api.w.org\/{rel}","templated":true}]}}