{"id":2452,"date":"2024-06-21T09:53:12","date_gmt":"2024-06-21T07:53:12","guid":{"rendered":"https:\/\/www.coraci-festival.de\/?page_id=2452"},"modified":"2024-06-21T09:53:12","modified_gmt":"2024-06-21T07:53:12","slug":"musikprogramm-2024","status":"publish","type":"page","link":"https:\/\/www.coraci-festival.de\/index.php\/musikprogramm-2024\/","title":{"rendered":"Musikprogramm 2024"},"content":{"rendered":"\n<p><a href=\"https:\/\/www.coraci-festival.de\/index.php\/music-line-up-2023\/\">English<\/a><\/p>\n\n\n<div class=\"wp-block-image is-style-default\">\n<figure class=\"aligncenter size-full is-resized\"><a href=\"https:\/\/www.coraci-festival.de\/wp-content\/uploads\/2024\/06\/S.A.M-2.png\"><img loading=\"lazy\" decoding=\"async\" width=\"1080\" height=\"1080\" src=\"https:\/\/www.coraci-festival.de\/wp-content\/uploads\/2024\/06\/S.A.M-2.png\" alt=\"\" class=\"wp-image-2455\" style=\"width:360px\" srcset=\"https:\/\/www.coraci-festival.de\/wp-content\/uploads\/2024\/06\/S.A.M-2.png 1080w, https:\/\/www.coraci-festival.de\/wp-content\/uploads\/2024\/06\/S.A.M-2-300x300.png 300w, https:\/\/www.coraci-festival.de\/wp-content\/uploads\/2024\/06\/S.A.M-2-1024x1024.png 1024w, https:\/\/www.coraci-festival.de\/wp-content\/uploads\/2024\/06\/S.A.M-2-150x150.png 150w, https:\/\/www.coraci-festival.de\/wp-content\/uploads\/2024\/06\/S.A.M-2-768x768.png 768w, https:\/\/www.coraci-festival.de\/wp-content\/uploads\/2024\/06\/S.A.M-2-100x100.png 100w\" sizes=\"auto, (max-width: 767px) 89vw, (max-width: 1000px) 54vw, (max-width: 1071px) 543px, 580px\" \/><\/a><\/figure>\n<\/div>\n\n\n<p class=\"has-text-align-center\">S.A.M. Ist ein aufstrebende Hip-Hop-Artist und befindet sich am Anfang der Reise in die Musikwelt, S.A.M.\u2018s Texte sind bereits voller Kraft und Authentizit\u00e4t. Mit leben in den Stra\u00dfen von St. Pauli flie\u00dfen deren erfahrungen und Lebensrealit\u00e4t direkt in die Lyrics ein, die ein eindrucksvolles Spiegelbild von S.A.M.\u2018s St\u00e4rke und Entschlossenheit sind. S.A.M. zeigt sich als Artist, die mit Musik nicht nur unterhalten, sondern auch inspirieren will. 2023 hat S.A.M. mit deren Song &#8218;Ich kann nicht durchs Viertel gehen&#8216; den Sprung in diese Musikwelt gemacht und kann mit der neusten Single \u201eS.A.M.\u201c eine klares Standing vermitteln.<\/p>\n\n\n<div class=\"wp-block-image\">\n<figure class=\"aligncenter size-full is-resized\"><a href=\"https:\/\/www.coraci-festival.de\/wp-content\/uploads\/2024\/06\/Ish-1.png\"><img loading=\"lazy\" decoding=\"async\" width=\"3375\" height=\"3375\" src=\"https:\/\/www.coraci-festival.de\/wp-content\/uploads\/2024\/06\/Ish-1.png\" alt=\"\" class=\"wp-image-2457\" style=\"width:360px\" srcset=\"https:\/\/www.coraci-festival.de\/wp-content\/uploads\/2024\/06\/Ish-1.png 3375w, https:\/\/www.coraci-festival.de\/wp-content\/uploads\/2024\/06\/Ish-1-300x300.png 300w, https:\/\/www.coraci-festival.de\/wp-content\/uploads\/2024\/06\/Ish-1-1024x1024.png 1024w, https:\/\/www.coraci-festival.de\/wp-content\/uploads\/2024\/06\/Ish-1-150x150.png 150w, https:\/\/www.coraci-festival.de\/wp-content\/uploads\/2024\/06\/Ish-1-768x768.png 768w, https:\/\/www.coraci-festival.de\/wp-content\/uploads\/2024\/06\/Ish-1-1536x1536.png 1536w, https:\/\/www.coraci-festival.de\/wp-content\/uploads\/2024\/06\/Ish-1-2048x2048.png 2048w, https:\/\/www.coraci-festival.de\/wp-content\/uploads\/2024\/06\/Ish-1-100x100.png 100w\" sizes=\"auto, (max-width: 767px) 89vw, (max-width: 1000px) 54vw, (max-width: 1071px) 543px, 580px\" \/><\/a><\/figure>\n<\/div>\n\n\n<p class=\"has-text-align-center\">Ish ist eine junge K\u00fcnstlerin und Schauspielerin aus Bonn mit Wurzeln in Guinea, Angola und Portugal, deren Musik direkt ins Herz trifft. Melodischer Lo-Fi, der zu Tr\u00e4nen r\u00fchrt, Funk und House f\u00fcr die Sommer vibes, und 808 Beats um eure inneren T\u00e4nzer*innen zu wecken &#8211; Ish bietet ein breites Spektrum an Instrumentals. Sie ist multilingual und schreibt poetische Liebeslieder auf Franz\u00f6sisch, peppige Melodien auf Englisch und deutschen Rap. Mit ihrer Deb\u00fct EP bewegt sie sich durch verschiedenste Genres, ohne dabei an Fokus oder Authentizit\u00e4t zu verlieren. Ish ist keine K\u00fcnstlerin, die sich labeln l\u00e4sst &#8211; ihre Vielseitigkeit zeigt ihre lebendige Pers\u00f6nlichkeit, die nicht eingegrenzt werden kann und wird.<br>K\u00fcnstlerisch ist Ish auch als Schauspielerin aktiv und startete ihre Karriere mit der Rolle als &#8222;Ava&#8220; in 4 Staffeln der ZDF-Serie &#8222;DRUCK&#8220;.<\/p>\n\n\n<div class=\"wp-block-image\">\n<figure class=\"aligncenter size-large is-resized\"><a href=\"https:\/\/www.coraci-festival.de\/wp-content\/uploads\/2024\/06\/JNNRHNDRXX.png\"><img loading=\"lazy\" decoding=\"async\" width=\"1024\" height=\"1024\" src=\"https:\/\/www.coraci-festival.de\/wp-content\/uploads\/2024\/06\/JNNRHNDRXX-1024x1024.png\" alt=\"\" class=\"wp-image-2458\" style=\"width:360px\" srcset=\"https:\/\/www.coraci-festival.de\/wp-content\/uploads\/2024\/06\/JNNRHNDRXX-1024x1024.png 1024w, https:\/\/www.coraci-festival.de\/wp-content\/uploads\/2024\/06\/JNNRHNDRXX-300x300.png 300w, https:\/\/www.coraci-festival.de\/wp-content\/uploads\/2024\/06\/JNNRHNDRXX-150x150.png 150w, https:\/\/www.coraci-festival.de\/wp-content\/uploads\/2024\/06\/JNNRHNDRXX-768x768.png 768w, https:\/\/www.coraci-festival.de\/wp-content\/uploads\/2024\/06\/JNNRHNDRXX-1536x1536.png 1536w, https:\/\/www.coraci-festival.de\/wp-content\/uploads\/2024\/06\/JNNRHNDRXX-2048x2048.png 2048w, https:\/\/www.coraci-festival.de\/wp-content\/uploads\/2024\/06\/JNNRHNDRXX-100x100.png 100w\" sizes=\"auto, (max-width: 767px) 89vw, (max-width: 1000px) 54vw, (max-width: 1071px) 543px, 580px\" \/><\/a><\/figure>\n<\/div>\n\n\n<p class=\"has-text-align-center\">Die Berlinerin JNNRHNDRXX (ausgesprochen: Jenner Hendrixx) braucht mehr als einen Atemzug, um ihre Talente zum Ausdruck zu bringen: Mit gerade einmal 26 Jahren kann sie sich Rapperin, Songwriterin, Model, TikTok-Star, Schauspielerin und Autorin nennen. Ihre Begeisterung f\u00fcr Musik, Tanz und B\u00fchne entwickelt sich schon fr\u00fch: Mit 10 Jahren f\u00e4ngt sie an im Kirchenchor zu singen, vier Jahre sp\u00e4ter wird sie in Berlin von einer Fotografin entdeckt und arbeitet seitdem als Model. Als Schauspielerin und Komparsin wirkt sie in Serien sowie Filmen mit und ver\u00f6ffentlicht ein eigenes Kapitel in dem Buch &#8222;Schwarz wird gro\u00dfgeschrieben&#8220;, 2021 herausgegeben von dem Rosa Mag und Evelin Obulor.<br>Mit ihrer Deb\u00fct-EP &#8222;STAAKEN TRAUMA&#8220; feierte JNNRHNDRXX letztes Jahr einen amtlichen Einstand in der Rapszene. Sowohl viele neue H\u00f6rer*innen als auch die Presse konnte sie von sich begeistern, auch als Covergirl f\u00fcr die Siegess\u00e4ule und Tip Berlin. Auf der B\u00fchne bringt JNNRHNDRXX ihr Publikum stets zum Schwitzen und liefert mit Rap und Tanz- bzw. Twerkeinlagen eine eindr\u00fcckliche Performance ab, wie zum Beispiel 2022 vor dem Brandenburger Tor auf dem CSD in Berlin oder als Headliner ihrer eigenen Show auf dem Fusion Festival 2023.<\/p>\n","protected":false},"excerpt":{"rendered":"<p>English S.A.M. Ist ein aufstrebende Hip-Hop-Artist und befindet sich am Anfang der Reise in die Musikwelt, S.A.M.\u2018s Texte sind bereits voller Kraft und Authentizit\u00e4t. Mit leben in den Stra\u00dfen von St. Pauli flie\u00dfen deren erfahrungen und Lebensrealit\u00e4t direkt in die Lyrics ein, die ein eindrucksvolles Spiegelbild von S.A.M.\u2018s St\u00e4rke und Entschlossenheit sind. S.A.M. zeigt sich &hellip; <\/p>\n<p class=\"link-more\"><a href=\"https:\/\/www.coraci-festival.de\/index.php\/musikprogramm-2024\/\" class=\"more-link\"><span class=\"screen-reader-text\">\u201eMusikprogramm 2024\u201c<\/span> weiterlesen<\/a><\/p>\n","protected":false},"author":1,"featured_media":0,"parent":0,"menu_order":0,"comment_status":"closed","ping_status":"closed","template":"","meta":{"footnotes":""},"class_list":["post-2452","page","type-page","status-publish","hentry"],"_links":{"self":[{"href":"https:\/\/www.coraci-festival.de\/index.php\/wp-json\/wp\/v2\/pages\/2452","targetHints":{"allow":["GET"]}}],"collection":[{"href":"https:\/\/www.coraci-festival.de\/index.php\/wp-json\/wp\/v2\/pages"}],"about":[{"href":"https:\/\/www.coraci-festival.de\/index.php\/wp-json\/wp\/v2\/types\/page"}],"author":[{"embeddable":true,"href":"https:\/\/www.coraci-festival.de\/index.php\/wp-json\/wp\/v2\/users\/1"}],"replies":[{"embeddable":true,"href":"https:\/\/www.coraci-festival.de\/index.php\/wp-json\/wp\/v2\/comments?post=2452"}],"version-history":[{"count":4,"href":"https:\/\/www.coraci-festival.de\/index.php\/wp-json\/wp\/v2\/pages\/2452\/revisions"}],"predecessor-version":[{"id":2469,"href":"https:\/\/www.coraci-festival.de\/index.php\/wp-json\/wp\/v2\/pages\/2452\/revisions\/2469"}],"wp:attachment":[{"href":"https:\/\/www.coraci-festival.de\/index.php\/wp-json\/wp\/v2\/media?parent=2452"}],"curies":[{"name":"wp","href":"https:\/\/api.w.org\/{rel}","templated":true}]}}