{"id":559,"date":"2018-05-25T12:26:26","date_gmt":"2018-05-25T10:26:26","guid":{"rendered":"http:\/\/www.coraci-festival.de\/?page_id=559"},"modified":"2023-05-12T10:40:50","modified_gmt":"2023-05-12T08:40:50","slug":"impressum","status":"publish","type":"page","link":"https:\/\/www.coraci-festival.de\/index.php\/impressum\/","title":{"rendered":"Impressum"},"content":{"rendered":"<div class=\"entry-content\">\n<p class=\"western\"><b>IMPRESSUM ANGABEN NACH \u00a75 TMG<\/b><\/p>\n<p class=\"western\"><b>Inhaltlich verantwortlich im Sinne des \u00a75 TMG und gem. \u00a718 MStV:<\/b><\/p>\n<p class=\"western\">Studierendenschaft der Universit\u00e4t L\u00fcneburg<br \/>\nTeilk\u00f6rperschaft des \u00f6ffentlichen Rechts<br \/>\nAllgemeiner Student*innenausschuss<br \/>\nGeb\u00e4ude C9.103<br \/>\nUniversit\u00e4tsallee 1<br \/>\n21335 L\u00fcneburg<\/p>\n<p class=\"western\">Telefon: 04131 677 1510<\/p>\n<p class=\"western\">E-Mail: <a href=\"mailto:buero@asta-lueneburg.de\">buero@asta-lueneburg.de<\/a><\/p>\n<p class=\"western\">Der Allgemeine Student*innenausschuss (AStA) nimmt die juristische Vertretung der Studierendenschaft der Universit\u00e4t L\u00fcneburg war. Diese Internetseite wird im Rahmen des \u00f6ffentlichen Auftrags gem\u00e4\u00df \u00a720 Abs. 1 Satz 4, 5 und 6 NHG durch den AStA betrieben.<\/p>\n<p class=\"western\">Sprecher*innen Kollektiv:<br \/>\nNell Scheffler, Max Dietrich, Dominic Korn<\/p>\n<p class=\"western\">E-Mail: <a href=\"mailto:sprecherinnen@asta-lueneburg.de\">sprecherinnen@asta-lueneburg.de<\/a><\/p>\n<p class=\"western\">Telefon: 04131 677 1510<\/p>\n<p class=\"western\"><b>Verantwortliche(r) f\u00fcr journalistisch-redaktionell gestaltete(r) Inhalte gem. \u00a718 MStvV:<\/b><\/p>\n<p class=\"western\">AStA Sprecher*innen:<br \/>\nNell Scheffler, Max Dietrich, Dominic Korn<\/p>\n<p class=\"western\">Direkter Kontakt zur \u201ecoraci-Redaktion\u201c:<br \/>\n<a href=\"mailto:coraci@asta-lueneburg.de\">coraci@asta-lueneburg.de<\/a><\/p>\n<p class=\"western\"><b>Bestellter Datenschutzbeauftragter:<\/b><\/p>\n<p class=\"western\">Tobias Lange \u2013 Externer Datenschutzbeauftragter<br \/>\nBerner Heerweg 246, 22159 Hamburg<br \/>\nTelefon: 040 5700 3925<br \/>\nTelefax: 040 5700 3926<br \/>\nE-Mail: <a href=\"mailto:datenschutz@asta-lueneburg.de\">datenschutz@asta-lueneburg.de<\/a><br \/>\nWeb: <a href=\"http:\/\/www.tl-datenschutz.de\">www.tl-datenschutz.de<\/a><\/p>\n<div id=\"c520\" class=\"csc-frame csc-frame-frame1\">\n<section class=\"av_textblock_section \">\n<div class=\"avia_textblock  \">\n<div id=\"generatorPreviewWrapper\">\n<div id=\"generatorPreview\">\n<\/div>\n<\/div>\n<\/div>\n<\/section>\n<\/div>\n<\/div>\n","protected":false},"excerpt":{"rendered":"<p>IMPRESSUM ANGABEN NACH \u00a75 TMG Inhaltlich verantwortlich im Sinne des \u00a75 TMG und gem. \u00a718 MStV: Studierendenschaft der Universit\u00e4t L\u00fcneburg Teilk\u00f6rperschaft des \u00f6ffentlichen Rechts Allgemeiner Student*innenausschuss Geb\u00e4ude C9.103 Universit\u00e4tsallee 1 21335 L\u00fcneburg Telefon: 04131 677 1510 E-Mail: buero@asta-lueneburg.de Der Allgemeine Student*innenausschuss (AStA) nimmt die juristische Vertretung der Studierendenschaft der Universit\u00e4t L\u00fcneburg war. Diese Internetseite wird &hellip; <\/p>\n<p class=\"link-more\"><a href=\"https:\/\/www.coraci-festival.de\/index.php\/impressum\/\" class=\"more-link\"><span class=\"screen-reader-text\">\u201eImpressum\u201c<\/span> weiterlesen<\/a><\/p>\n","protected":false},"author":1,"featured_media":0,"parent":0,"menu_order":0,"comment_status":"closed","ping_status":"closed","template":"","meta":{"footnotes":""},"class_list":["post-559","page","type-page","status-publish","hentry"],"_links":{"self":[{"href":"https:\/\/www.coraci-festival.de\/index.php\/wp-json\/wp\/v2\/pages\/559","targetHints":{"allow":["GET"]}}],"collection":[{"href":"https:\/\/www.coraci-festival.de\/index.php\/wp-json\/wp\/v2\/pages"}],"about":[{"href":"https:\/\/www.coraci-festival.de\/index.php\/wp-json\/wp\/v2\/types\/page"}],"author":[{"embeddable":true,"href":"https:\/\/www.coraci-festival.de\/index.php\/wp-json\/wp\/v2\/users\/1"}],"replies":[{"embeddable":true,"href":"https:\/\/www.coraci-festival.de\/index.php\/wp-json\/wp\/v2\/comments?post=559"}],"version-history":[{"count":6,"href":"https:\/\/www.coraci-festival.de\/index.php\/wp-json\/wp\/v2\/pages\/559\/revisions"}],"predecessor-version":[{"id":2170,"href":"https:\/\/www.coraci-festival.de\/index.php\/wp-json\/wp\/v2\/pages\/559\/revisions\/2170"}],"wp:attachment":[{"href":"https:\/\/www.coraci-festival.de\/index.php\/wp-json\/wp\/v2\/media?parent=559"}],"curies":[{"name":"wp","href":"https:\/\/api.w.org\/{rel}","templated":true}]}}