{"id":89,"date":"2015-05-23T14:58:19","date_gmt":"2015-05-23T14:58:19","guid":{"rendered":"http:\/\/www.coraci-festival.de\/?page_id=89"},"modified":"2024-05-30T12:06:16","modified_gmt":"2024-05-30T10:06:16","slug":"coraci-festival-contre-le-racisme-lueneburg","status":"publish","type":"page","link":"https:\/\/www.coraci-festival.de\/","title":{"rendered":"Coraci Festival L\u00fcneburg"},"content":{"rendered":"\n<div style=\"height:15px\" aria-hidden=\"true\" class=\"wp-block-spacer\"><\/div>\n\n\n\n<p>Moin zusammen!<\/p>\n\n\n\n<p>Das coraci Festival ist zur\u00fcck! Haltet die Augen offen, denn in den n\u00e4chsten Tagen beginnen wir mit der Bekanntgabe unseres Line-Ups auf <a href=\"https:\/\/www.instagram.com\/coraci.festival\/\">Instagram<\/a>. &nbsp;Wir, das coraci Festival contre le racisme, sind ein Festival mit einem antirassistischen Bildungsanspruch, das vor allem <a href=\"https:\/\/www.coraci-festival.de\/index.php\/2023\/02\/13\/black-indigenous-and-people-of-color-bipoc\/\">BIPoC<\/a> (Black, Indigenous, and People of Color) eine B\u00fchne bieten m\u00f6chte. Auch dieses Jahr sind wir wieder am Start und freuen uns auf tolle Musik-Acts, Ausstellungen, Lesungen und viele Workshops!<\/p>\n\n\n\n<p>Das diesj\u00e4hrige coraci findet vom 22. bis 23. Juni im Clamart-Park statt und wir k\u00f6nnen es kaum erwarten, Euch dort zu sehen! Ihr habt Lust zu helfen? Dann meldet Euch doch \u00fcber <a href=\"https:\/\/www.instagram.com\/coraci.festival\/\">Instagram<\/a> oder bei der <a href=\"https:\/\/t.me\/Helfis24\">Telegram Gruppe f\u00fcr Helfende<\/a>. \u00a0Ansonsten tragt Euch das Datum dick in den Kalender ein, falls Ihr es noch nicht habt<\/p>\n\n\n\n<p>Bis bald und bleibt gespannt!<\/p>\n\n\n\n<div style=\"height:15px\" aria-hidden=\"true\" class=\"wp-block-spacer\"><\/div>\n\n\n\n<p><em>English<\/em><\/p>\n\n\n\n<p style=\"font-style:italic;font-weight:400\">Hi everyone!<\/p>\n\n\n\n<p style=\"font-style:italic;font-weight:400\">The coraci festival is back! Keep your eyes open, because in the next few days we will start announcing our line-up on <a href=\"https:\/\/www.instagram.com\/coraci.festival\/?hl=de\">Instagram<\/a>. We, the coraci Festival contre le racisme, are a festival with an anti-racist educational claim that wants to offer a stage especially to <a href=\"https:\/\/www.coraci-festival.de\/index.php\/2023\/02\/13\/black-indigenous-and-people-of-color-bipoc\/\">BIPoC<\/a> (Black, Indigenous, and People of Color). We will be back again this year and are looking forward to great music acts, exhibitions, readings and lots of workshops!<\/p>\n\n\n\n<p style=\"font-style:italic;font-weight:400\">This year&#8217;s coraci will take place from June 22 to 23 at Clamart-Park and we can&#8217;t wait to see you there! Would you like to help? Then get in touch with us via <a href=\"https:\/\/www.instagram.com\/coraci.festival\/?hl=de\">Instagram<\/a> or join our <a href=\"https:\/\/t.me\/Helfis24\">telegram group for helpers<\/a>. Otherwise, make a note of the date in your diary if you haven&#8217;t already.<\/p>\n\n\n\n<p style=\"font-style:italic;font-weight:400\">See you soon and stay tuned!<\/p>\n\n\n\n<p>Schaut gerne auf unseren Social Media Kan\u00e4len &amp; auf unserem Telegram-Channel vorbei:<\/p>\n\n\n\n<ul class=\"wp-block-social-links aligncenter has-icon-color has-icon-background-color is-style-pill-shape is-horizontal is-content-justification-center is-layout-flex wp-container-core-social-links-is-layout-499968f5 wp-block-social-links-is-layout-flex\"><li style=\"color:#9d72c2;background-color:#ff6a009e;\" class=\"wp-social-link wp-social-link-instagram  wp-block-social-link\"><a rel=\"noopener nofollow\" target=\"_blank\" href=\"https:\/\/www.instagram.com\/coraci.festival\/\" class=\"wp-block-social-link-anchor\"><svg width=\"24\" height=\"24\" viewBox=\"0 0 24 24\" version=\"1.1\" xmlns=\"http:\/\/www.w3.org\/2000\/svg\" aria-hidden=\"true\" focusable=\"false\"><path d=\"M12,4.622c2.403,0,2.688,0.009,3.637,0.052c0.877,0.04,1.354,0.187,1.671,0.31c0.42,0.163,0.72,0.358,1.035,0.673 c0.315,0.315,0.51,0.615,0.673,1.035c0.123,0.317,0.27,0.794,0.31,1.671c0.043,0.949,0.052,1.234,0.052,3.637 s-0.009,2.688-0.052,3.637c-0.04,0.877-0.187,1.354-0.31,1.671c-0.163,0.42-0.358,0.72-0.673,1.035 c-0.315,0.315-0.615,0.51-1.035,0.673c-0.317,0.123-0.794,0.27-1.671,0.31c-0.949,0.043-1.233,0.052-3.637,0.052 s-2.688-0.009-3.637-0.052c-0.877-0.04-1.354-0.187-1.671-0.31c-0.42-0.163-0.72-0.358-1.035-0.673 c-0.315-0.315-0.51-0.615-0.673-1.035c-0.123-0.317-0.27-0.794-0.31-1.671C4.631,14.688,4.622,14.403,4.622,12 s0.009-2.688,0.052-3.637c0.04-0.877,0.187-1.354,0.31-1.671c0.163-0.42,0.358-0.72,0.673-1.035 c0.315-0.315,0.615-0.51,1.035-0.673c0.317-0.123,0.794-0.27,1.671-0.31C9.312,4.631,9.597,4.622,12,4.622 M12,3 C9.556,3,9.249,3.01,8.289,3.054C7.331,3.098,6.677,3.25,6.105,3.472C5.513,3.702,5.011,4.01,4.511,4.511 c-0.5,0.5-0.808,1.002-1.038,1.594C3.25,6.677,3.098,7.331,3.054,8.289C3.01,9.249,3,9.556,3,12c0,2.444,0.01,2.751,0.054,3.711 c0.044,0.958,0.196,1.612,0.418,2.185c0.23,0.592,0.538,1.094,1.038,1.594c0.5,0.5,1.002,0.808,1.594,1.038 c0.572,0.222,1.227,0.375,2.185,0.418C9.249,20.99,9.556,21,12,21s2.751-0.01,3.711-0.054c0.958-0.044,1.612-0.196,2.185-0.418 c0.592-0.23,1.094-0.538,1.594-1.038c0.5-0.5,0.808-1.002,1.038-1.594c0.222-0.572,0.375-1.227,0.418-2.185 C20.99,14.751,21,14.444,21,12s-0.01-2.751-0.054-3.711c-0.044-0.958-0.196-1.612-0.418-2.185c-0.23-0.592-0.538-1.094-1.038-1.594 c-0.5-0.5-1.002-0.808-1.594-1.038c-0.572-0.222-1.227-0.375-2.185-0.418C14.751,3.01,14.444,3,12,3L12,3z M12,7.378 c-2.552,0-4.622,2.069-4.622,4.622S9.448,16.622,12,16.622s4.622-2.069,4.622-4.622S14.552,7.378,12,7.378z M12,15 c-1.657,0-3-1.343-3-3s1.343-3,3-3s3,1.343,3,3S13.657,15,12,15z M16.804,6.116c-0.596,0-1.08,0.484-1.08,1.08 s0.484,1.08,1.08,1.08c0.596,0,1.08-0.484,1.08-1.08S17.401,6.116,16.804,6.116z\"><\/path><\/svg><span class=\"wp-block-social-link-label screen-reader-text\">Instagram<\/span><\/a><\/li>\n\n<li style=\"color:#9d72c2;background-color:#ff6a009e;\" class=\"wp-social-link wp-social-link-mail  wp-block-social-link\"><a rel=\"noopener nofollow\" target=\"_blank\" href=\"mailto:co&#114;&#097;c&#105;&#064;&#097;sta-&#108;&#117;&#101;neb&#117;r&#103;.&#100;&#101;\" class=\"wp-block-social-link-anchor\"><svg width=\"24\" height=\"24\" viewBox=\"0 0 24 24\" version=\"1.1\" xmlns=\"http:\/\/www.w3.org\/2000\/svg\" aria-hidden=\"true\" focusable=\"false\"><path d=\"M19,5H5c-1.1,0-2,.9-2,2v10c0,1.1.9,2,2,2h14c1.1,0,2-.9,2-2V7c0-1.1-.9-2-2-2zm.5,12c0,.3-.2.5-.5.5H5c-.3,0-.5-.2-.5-.5V9.8l7.5,5.6,7.5-5.6V17zm0-9.1L12,13.6,4.5,7.9V7c0-.3.2-.5.5-.5h14c.3,0,.5.2.5.5v.9z\"><\/path><\/svg><span class=\"wp-block-social-link-label screen-reader-text\">E-Mail<\/span><\/a><\/li>\n\n<li style=\"color:#9d72c2;background-color:#ff6a009e;\" class=\"wp-social-link wp-social-link-chain  wp-block-social-link\"><a rel=\"noopener nofollow\" target=\"_blank\" href=\"https:\/\/t.me\/coraci2020\" class=\"wp-block-social-link-anchor\"><svg width=\"24\" height=\"24\" viewBox=\"0 0 24 24\" version=\"1.1\" xmlns=\"http:\/\/www.w3.org\/2000\/svg\" aria-hidden=\"true\" focusable=\"false\"><path d=\"M15.6,7.2H14v1.5h1.6c2,0,3.7,1.7,3.7,3.7s-1.7,3.7-3.7,3.7H14v1.5h1.6c2.8,0,5.2-2.3,5.2-5.2,0-2.9-2.3-5.2-5.2-5.2zM4.7,12.4c0-2,1.7-3.7,3.7-3.7H10V7.2H8.4c-2.9,0-5.2,2.3-5.2,5.2,0,2.9,2.3,5.2,5.2,5.2H10v-1.5H8.4c-2,0-3.7-1.7-3.7-3.7zm4.6.9h5.3v-1.5H9.3v1.5z\"><\/path><\/svg><span class=\"wp-block-social-link-label screen-reader-text\">Link<\/span><\/a><\/li><\/ul>\n\n\n\n<div style=\"height:15px\" aria-hidden=\"true\" class=\"wp-block-spacer\"><\/div>\n\n\n\n<p>Unser Team besteht mehrheitlich aus Personen, die nicht von Rassismus betroffen sind. Als Teil unserer gesellschafftlichen Verantwortung m\u00f6chten wir unsere Privilegien hinterfragen und nutzen, um einen \u00f6ffentlichen Raum f\u00fcr antirassistische Arbeit zu schaffen und marginalisierten Personen einen B\u00fchne zu bieten.<\/p>\n\n\n\n<p>Damit w\u00fcnschen wir Euch allen ein erkenntnisreiches Festival!<\/p>\n\n\n\n<p>Euer Coraci 2024-Team<\/p>\n\n\n\n<p>Informationen zum letzen Jahr findet ihr hier:<\/p>\n\n\n\n<div class=\"wp-block-buttons is-content-justification-center is-layout-flex wp-container-core-buttons-is-layout-16018d1d wp-block-buttons-is-layout-flex\">\n<div class=\"wp-block-button\"><a class=\"wp-block-button__link wp-element-button\" href=\"https:\/\/www.coraci-festival.de\/index.php\/rueckblick\/\"><strong><em>R\u00fcckbl<\/em><\/strong><em><strong>ick 2023<\/strong><\/em><\/a><\/div>\n<\/div>\n\n\n\n<p class=\"has-x-large-font-size\"><\/p>\n\n\n\n<p>Falls ihr uns mit einer Spende unterst\u00fctzen wollt gerne auf folgendes Konto\/\/ If you want to support us with a donation please send it to the following account<\/p>\n\n\n\n<p>Kontoinhaber: Studierendenschaft der Universit\u00e4t L\u00fcneburg<br>IBAN: DE07 2405 0110 0065 3251 10<br>BIC: NOLADE21LBG<br>Verwendungszweck: Spende coraci-Referat<\/p>\n","protected":false},"excerpt":{"rendered":"<p>Moin zusammen! Das coraci Festival ist zur\u00fcck! Haltet die Augen offen, denn in den n\u00e4chsten Tagen beginnen wir mit der Bekanntgabe unseres Line-Ups auf Instagram. &nbsp;Wir, das coraci Festival contre le racisme, sind ein Festival mit einem antirassistischen Bildungsanspruch, das vor allem BIPoC (Black, Indigenous, and People of Color) eine B\u00fchne bieten m\u00f6chte. Auch dieses &hellip; <\/p>\n<p class=\"link-more\"><a href=\"https:\/\/www.coraci-festival.de\/\" class=\"more-link\"><span class=\"screen-reader-text\">\u201eCoraci Festival L\u00fcneburg\u201c<\/span> weiterlesen<\/a><\/p>\n","protected":false},"author":1,"featured_media":0,"parent":0,"menu_order":0,"comment_status":"closed","ping_status":"closed","template":"","meta":{"footnotes":""},"class_list":["post-89","page","type-page","status-publish","hentry"],"_links":{"self":[{"href":"https:\/\/www.coraci-festival.de\/index.php\/wp-json\/wp\/v2\/pages\/89","targetHints":{"allow":["GET"]}}],"collection":[{"href":"https:\/\/www.coraci-festival.de\/index.php\/wp-json\/wp\/v2\/pages"}],"about":[{"href":"https:\/\/www.coraci-festival.de\/index.php\/wp-json\/wp\/v2\/types\/page"}],"author":[{"embeddable":true,"href":"https:\/\/www.coraci-festival.de\/index.php\/wp-json\/wp\/v2\/users\/1"}],"replies":[{"embeddable":true,"href":"https:\/\/www.coraci-festival.de\/index.php\/wp-json\/wp\/v2\/comments?post=89"}],"version-history":[{"count":136,"href":"https:\/\/www.coraci-festival.de\/index.php\/wp-json\/wp\/v2\/pages\/89\/revisions"}],"predecessor-version":[{"id":2440,"href":"https:\/\/www.coraci-festival.de\/index.php\/wp-json\/wp\/v2\/pages\/89\/revisions\/2440"}],"wp:attachment":[{"href":"https:\/\/www.coraci-festival.de\/index.php\/wp-json\/wp\/v2\/media?parent=89"}],"curies":[{"name":"wp","href":"https:\/\/api.w.org\/{rel}","templated":true}]}}